{"id":38471,"date":"2016-02-11T00:00:00","date_gmt":"2016-02-10T23:00:00","guid":{"rendered":"https:\/\/www.sindibaba.com\/produkt\/crocheted-stand-up-rabbit-bobby-in-blue\/"},"modified":"2024-12-10T12:35:42","modified_gmt":"2024-12-10T11:35:42","slug":"crocheted-stand-up-rabbit-bobby-in-blue","status":"publish","type":"product","link":"https:\/\/www.sindibaba.com\/en\/produkt\/crocheted-stand-up-rabbit-bobby-in-blue\/","title":{"rendered":"Crocheted stand-up rabbit BOBBY in blue"},"content":{"rendered":"<h3>Cute stand-up bunny with bell sound delights baby&#8217;s heart<\/h3>\n<p>  Stand-up bunnies like this crocheted stand-up bunny from Sindibaba are among the classic children&#8217;s toys par excellence.<br \/>\nThe contrasting stripe pattern in blue and gray awakens the spirit of discovery in your baby, while BOBBY&#8217;s long ears and arms offer plenty of opportunities to grasp and hold.<br \/>\nA friendship will quickly develop with BOBBY, who simply won&#8217;t let anything get him down.<br \/>\nHe rolls around again and again when he is knocked over and then straightens up, entertaining your baby with cheerful &#8220;cluck-cluck&#8221; sounds (from inside the sewn-in chimes) and spreading joy and good humor.<br \/>\nThe outer material of BOBBY bunny has been crocheted by hand from extra-soft cotton yarn.<br \/>\nIt pampers baby&#8217;s delicate skin and invites him to touch, feel and cuddle.       <span data-inplace-editable-text=\"announcement\" data-endpoint=\"DataPost\" data-key=\"message\" data-placeholder=\"Nutze diesen Bereich, um K\u00e4ufern wichtige und aktuelle Infos mitzuteilen. Du k\u00f6nntest neue Produkte, Sonderaktionen oder Bearbeitungszeiten erw\u00e4hnen. Fass dich aber kurz, damit sie schnell mit dem Einkauf beginnen k\u00f6nnen!\" data-add-class=\"display-block\">Products like this crocheted bunny from Sindibaba are handmade, unique pieces.<br \/>\nThey are only produced in very small numbers and are strictly limited.<br \/>\nWhen you buy this stand-up bunny, you are purchasing a high-quality toy that stands out from the crowd and is of high quality.  <\/span><\/p>\n","protected":false},"excerpt":{"rendered":"<p>Always get up and keep going &#8211; with stand-up bunny<a href=\"https:\/\/www.sindibaba.com\/produkte\/tiere\/hase-bobby\/\">BOBBY<\/a> \ud83d\udc30, your baby&#8217;s best friend!  <ul>\n \t<li>\ud83e\uddf8 Integrated rocker mechanism with <strong>stand-up function<\/strong>.<\/li>\n \t<li>\ud83c\udfb5 Pleasant <strong>bell noises<\/strong> sound when rocking.<\/li>\n \t<li>\ud83e\udd70 O <strong>nly soft touch points<\/strong>: No edges, sewn-on eyes or plastic!<\/li>\n \t<li>\ud83d\udee1\ufe0f <strong>Underlining<\/strong> and tight stitches prevent the wadding from swelling out.<\/li>\n \t<li>\ud83d\udd90\ufe0f <strong>Great feel<\/strong>: Pleasant to the touch thanks to the ribbed crocheted surface, and ...<\/li>\n \t<li>\ud83e\udd0f <strong>Protruding limbs<\/strong> that encourage babies' little hands to touch and grasp.\nBoth beneficial for the development of the sense of touch! <\/li>\n \t<li>\ud83d\udce6 <strong>Sturdy packaging<\/strong>: including attractive packaging for storage (folding box with viewing window).<\/li>\n<\/ul>\n","protected":false},"featured_media":36190,"comment_status":"open","ping_status":"closed","template":"","meta":[],"product_brand":[],"product_cat":[4354,4094,4342],"product_tag":[],"class_list":{"0":"post-38471","1":"product","2":"type-product","3":"status-publish","4":"has-post-thumbnail","6":"product_cat-tumblers-roly-polys","7":"product_cat-baby-toys","8":"product_cat-bunny-bobby","9":"product_shipping_class-thick-product-en","10":"pa_alter-3-24-months","11":"pa_anlass-at-easter","12":"pa_anlass-at-the-beginning-of-spring","13":"pa_emotionaler-nutzen-friendship-security","14":"pa_foerderung-fine-motor-skills","15":"pa_foerderung-mobility","16":"pa_foerderung-acoustic-perception","17":"pa_foerderung-visual-perception","18":"pa_foerderung-hand-eye-coordination","19":"pa_fuellung-rocking-insert-with-bell","20":"pa_fuellung-100-polyester-wadding","21":"pa_hauptfarbe--blue","22":"pa_motiv--bobby-rabbit","23":"pa_nachhaltigkeit-fair-trade-en","24":"pa_nachhaltigkeit-handwork","25":"pa_nachhaltigkeit-renewable-natural-materials","26":"pa_obermaterial-100-cotton","28":"first","29":"instock","30":"taxable","31":"shipping-taxable","32":"product-type-simple"},"_links":{"self":[{"href":"https:\/\/www.sindibaba.com\/en\/wp-json\/wp\/v2\/product\/38471","targetHints":{"allow":["GET"]}}],"collection":[{"href":"https:\/\/www.sindibaba.com\/en\/wp-json\/wp\/v2\/product"}],"about":[{"href":"https:\/\/www.sindibaba.com\/en\/wp-json\/wp\/v2\/types\/product"}],"replies":[{"embeddable":true,"href":"https:\/\/www.sindibaba.com\/en\/wp-json\/wp\/v2\/comments?post=38471"}],"wp:featuredmedia":[{"embeddable":true,"href":"https:\/\/www.sindibaba.com\/en\/wp-json\/wp\/v2\/media\/36190"}],"wp:attachment":[{"href":"https:\/\/www.sindibaba.com\/en\/wp-json\/wp\/v2\/media?parent=38471"}],"wp:term":[{"taxonomy":"product_brand","embeddable":true,"href":"https:\/\/www.sindibaba.com\/en\/wp-json\/wp\/v2\/product_brand?post=38471"},{"taxonomy":"product_cat","embeddable":true,"href":"https:\/\/www.sindibaba.com\/en\/wp-json\/wp\/v2\/product_cat?post=38471"},{"taxonomy":"product_tag","embeddable":true,"href":"https:\/\/www.sindibaba.com\/en\/wp-json\/wp\/v2\/product_tag?post=38471"}],"curies":[{"name":"wp","href":"https:\/\/api.w.org\/{rel}","templated":true}]}}